{"id":2238,"date":"2020-07-09T14:16:45","date_gmt":"2020-07-09T11:16:45","guid":{"rendered":"https:\/\/imedepold.ee\/kaubamargid\/"},"modified":"2020-07-09T14:16:45","modified_gmt":"2020-07-09T11:16:45","slug":"kaubamargid","status":"publish","type":"page","link":"https:\/\/imedepold.ee\/ru\/kaubamargid\/","title":{"rendered":"Kaubam\u00e4rgid"},"content":{"rendered":"<div id=\"acf-block-block_5f06fdcfc7241\" class=\"acf-block-element block-builder\">\r\n<div class=\"b-item position-relative type-default b-nopad-top \"><div class=\"container\"><div class=\"b-component b-editor width-default font24\"><div class=\"editor-content\"><p>Inseneri auto O\u00dc on paljude kaubam\u00e4rkide ametlik esindaja, maaletooja ja edasim\u00fc\u00fcja Eestis. Oleme mitmete kaubam\u00e4rkide ametlik ja tunnustatud paigalduspartner.<\/p>\n<p>Meie suurimaks koost\u00f6\u00f6partneriks on <strong>Bearmach Limited<\/strong>.<\/p>\n<\/div><\/div><\/div><\/div><div class=\"b-item position-relative type-default\"><div class=\"container\"><div class=\"b-component b-icon-columns\"><div class=\"row row-grid justify-content-center\"><div class=\"col-12 col-md-6 col-lg-3\"><div class=\"ic-item position-relative text-center\"><div class=\"ic-icon\"><img decoding=\"async\" src=\"https:\/\/imedepold.ee\/wp-content\/uploads\/2020\/07\/bearmach.svg\" alt=\"\" \/><\/div><div class=\"ic-content position-relative\"><p class=\"font-weight-semibold\">Inseneri Auto O\u00dc on alates 2015 Bearmach Ltd ametlik maaletooja ja paigalduspartner<\/p><\/div><\/div><\/div><div class=\"col-12 col-md-6 col-lg-3\"><div class=\"ic-item position-relative text-center\"><div class=\"ic-icon\"><img decoding=\"async\" src=\"https:\/\/imedepold.ee\/wp-content\/uploads\/2020\/07\/BIZOL_Logo_white_small.png\" alt=\"\" \/><\/div><div class=\"ic-content position-relative\"><p class=\"font-weight-semibold\">Inseneri Auto O\u00dc on alates 2020 Bizol \u00f5lide ja m\u00e4\u00e4rdeainete ametlik maaletooja<\/p><\/div><\/div><\/div><div class=\"col-12 col-md-6 col-lg-3\"><div class=\"ic-item position-relative text-center\"><div class=\"ic-icon\"><img decoding=\"async\" src=\"https:\/\/imedepold.ee\/wp-content\/uploads\/2020\/07\/img_logo.png\" alt=\"\" \/><\/div><div class=\"ic-content position-relative\"><p class=\"font-weight-semibold\">Inseneri Auto O\u00dc on Ningbo Kingone Industrial Co. Ltd toodete ametlik maaletooja ja paigalduspartner<\/p><\/div><\/div><\/div><div class=\"col-12 col-md-6 col-lg-3\"><div class=\"ic-item position-relative text-center\"><div class=\"ic-icon\"><img decoding=\"async\" src=\"https:\/\/imedepold.ee\/wp-content\/uploads\/2020\/07\/logo_euro4x4partsNew.png\" alt=\"\" \/><\/div><div class=\"ic-content position-relative\"><p class=\"font-weight-semibold\">Aastast 2013 on Inseneri Auto O\u00dc Euro4x4Parts ametlik edasim\u00fc\u00fcja<\/p><\/div><\/div><\/div><div class=\"col-12 col-md-6 col-lg-3\"><div class=\"ic-item position-relative text-center\"><div class=\"ic-icon\"><img decoding=\"async\" src=\"https:\/\/imedepold.ee\/wp-content\/uploads\/2020\/07\/dds-metal-services-1.png\" alt=\"\" \/><\/div><div class=\"ic-content position-relative\"><p class=\"font-weight-semibold\">Aastast 2016 on Inseneri Auto O\u00dc DDS Metal Services Ltd ametlik edasim\u00fc\u00fcja<\/p><\/div><\/div><\/div><div class=\"col-12 col-md-6 col-lg-3\"><div class=\"ic-item position-relative text-center\"><div class=\"ic-icon\"><img decoding=\"async\" src=\"https:\/\/imedepold.ee\/wp-content\/uploads\/2020\/07\/Ashcroft-logo.png\" alt=\"\" \/><\/div><div class=\"ic-content position-relative\"><p class=\"font-weight-semibold\">Aastast 2013 on Inseneri Auto O\u00dc Ashcroft Transmissions Ltd ametlik edasim\u00fc\u00fcja<\/p><\/div><\/div><\/div><div class=\"col-12 col-md-6 col-lg-3\"><div class=\"ic-item position-relative text-center\"><div class=\"ic-icon\"><img decoding=\"async\" src=\"https:\/\/imedepold.ee\/wp-content\/uploads\/2020\/07\/mud-uk-logo_150x.png\" alt=\"\" \/><\/div><div class=\"ic-content position-relative\"><p class=\"font-weight-semibold\">Aastast 2015 on Inseneri Auto O\u00dc MUD-UK Ltd ametlik edasim\u00fc\u00fcja<\/p><\/div><\/div><\/div><div class=\"col-12 col-md-6 col-lg-3\"><div class=\"ic-item position-relative text-center\"><div class=\"ic-icon\"><img decoding=\"async\" src=\"https:\/\/imedepold.ee\/wp-content\/uploads\/2020\/07\/logo-2-1.svg\" alt=\"\" \/><\/div><div class=\"ic-content position-relative\"><p class=\"font-weight-semibold\">Aastast 2016 on Inseneri Auto O\u00dc James Baroud tents ametlik edasim\u00fc\u00fcja<\/p><\/div><\/div><\/div><div class=\"col-12 col-md-6 col-lg-3\"><div class=\"ic-item position-relative text-center\"><div class=\"ic-icon\"><img decoding=\"async\" src=\"https:\/\/imedepold.ee\/wp-content\/uploads\/2020\/07\/header-logo-sprite.png\" alt=\"\" \/><\/div><div class=\"ic-content position-relative\"><p class=\"font-weight-semibold\">Aastast 2016 on Inseneri Auto O\u00dc Safety Devices ametlik edasim\u00fc\u00fcja ja paigaldaja<\/p><\/div><\/div><\/div><div class=\"col-12 col-md-6 col-lg-3\"><div class=\"ic-item position-relative text-center\"><div class=\"ic-icon\"><img decoding=\"async\" src=\"https:\/\/imedepold.ee\/wp-content\/uploads\/2020\/07\/Big-Red-Jacks-Logo.png\" alt=\"\" \/><\/div><div class=\"ic-content position-relative\"><p class=\"font-weight-semibold\">Aastast 2013 on Inseneri Auto O\u00dc Torin Jack Inc toodete ametlik edasim\u00fc\u00fcja<\/p><\/div><\/div><\/div><div class=\"col-12 col-md-6 col-lg-3\"><div class=\"ic-item position-relative text-center\"><div class=\"ic-icon\"><img decoding=\"async\" src=\"https:\/\/imedepold.ee\/wp-content\/uploads\/2020\/07\/KONILogo2C.png\" alt=\"\" \/><\/div><div class=\"ic-content position-relative\"><p class=\"font-weight-semibold\">Aastast 2013 on Inseneri Auto O\u00dc Koni amortisaatorite ametlik edasim\u00fc\u00fcja<\/p><\/div><\/div><\/div><div class=\"col-12 col-md-6 col-lg-3\"><div class=\"ic-item position-relative text-center\"><div class=\"ic-icon\"><img decoding=\"async\" src=\"https:\/\/imedepold.ee\/wp-content\/uploads\/2020\/07\/logo-2.png\" alt=\"\" \/><\/div><div class=\"ic-content position-relative\"><p class=\"font-weight-semibold\">Aastast 2013 on Inseneri Auto O\u00dc Banner GmbH akude ametlik edasim\u00fc\u00fcja<\/p><\/div><\/div><\/div><div class=\"col-12 col-md-6 col-lg-3\"><div class=\"ic-item position-relative text-center\"><div class=\"ic-icon\"><img decoding=\"async\" src=\"https:\/\/imedepold.ee\/wp-content\/uploads\/2020\/07\/logo-black-text.png\" alt=\"\" \/><\/div><div class=\"ic-content position-relative\"><p class=\"font-weight-semibold\">Aastast 2012 on Inseneri Auto O\u00dc Silverhook (Ware Motorama ltd) ametlik edasim\u00fc\u00fcja<\/p><\/div><\/div><\/div><div class=\"col-12 col-md-6 col-lg-3\"><div class=\"ic-item position-relative text-center\"><div class=\"ic-icon\"><img decoding=\"async\" src=\"https:\/\/imedepold.ee\/wp-content\/uploads\/2020\/07\/logo-3.png\" alt=\"\" \/><\/div><div class=\"ic-content position-relative\"><p class=\"font-weight-semibold\">Aastast 2014 on Inseneri Auto O\u00dc Krown toodete ja teenuste ametlik edasim\u00fc\u00fcja<\/p><\/div><\/div><\/div><div class=\"col-12 col-md-6 col-lg-3\"><div class=\"ic-item position-relative text-center\"><div class=\"ic-icon\"><img decoding=\"async\" src=\"https:\/\/imedepold.ee\/wp-content\/uploads\/2020\/07\/300x64xAllmakesWhite-800px-Transparent.png.pagespeed.ic_.kaesWfbNv8.png\" alt=\"\" \/><\/div><div class=\"ic-content position-relative\"><p class=\"font-weight-semibold\">Inseneri Auto O\u00dc on alates 2015 Allmakes 4&#215;4  ametlik edasim\u00fc\u00fcja<\/p><\/div><\/div><\/div><div class=\"col-12 col-md-6 col-lg-3\"><div class=\"ic-item position-relative text-center\"><div class=\"ic-icon\"><img decoding=\"async\" src=\"https:\/\/imedepold.ee\/wp-content\/uploads\/2020\/07\/EMT-Logox2.png\" alt=\"\" \/><\/div><div class=\"ic-content position-relative\"><p class=\"font-weight-semibold\"> Inseneri Auto O\u00dc on alates 2015 Exmoor Trim ametlik maaletooja ja paigalduspartner<\/p><\/div><\/div><\/div><\/div><\/div><\/div><\/div><\/div>","protected":false},"excerpt":{"rendered":"","protected":false},"author":1,"featured_media":0,"parent":0,"menu_order":50,"comment_status":"closed","ping_status":"closed","template":"","meta":{"_acf_changed":false,"inline_featured_image":false,"footnotes":""},"class_list":["post-2238","page","type-page","status-publish","hentry"],"acf":[],"yoast_head":"<!-- This site is optimized with the Yoast SEO plugin v27.5 - https:\/\/yoast.com\/product\/yoast-seo-wordpress\/ -->\n<title>Kaubam\u00e4rgid - Imedep\u00f5ld<\/title>\n<meta name=\"robots\" content=\"index, follow, max-snippet:-1, max-image-preview:large, max-video-preview:-1\" \/>\n<link rel=\"canonical\" href=\"https:\/\/imedepold.ee\/ru\/kaubamargid\/\" \/>\n<meta property=\"og:locale\" content=\"ru_RU\" \/>\n<meta property=\"og:type\" content=\"article\" \/>\n<meta property=\"og:title\" content=\"Kaubam\u00e4rgid - Imedep\u00f5ld\" \/>\n<meta property=\"og:url\" content=\"https:\/\/imedepold.ee\/ru\/kaubamargid\/\" \/>\n<meta property=\"og:site_name\" content=\"Imedep\u00f5ld\" \/>\n<meta name=\"twitter:card\" content=\"summary_large_image\" \/>\n<script type=\"application\/ld+json\" class=\"yoast-schema-graph\">{\"@context\":\"https:\\\/\\\/schema.org\",\"@graph\":[{\"@type\":\"WebPage\",\"@id\":\"https:\\\/\\\/imedepold.ee\\\/ru\\\/kaubamargid\\\/\",\"url\":\"https:\\\/\\\/imedepold.ee\\\/ru\\\/kaubamargid\\\/\",\"name\":\"Kaubam\u00e4rgid - Imedep\u00f5ld\",\"isPartOf\":{\"@id\":\"https:\\\/\\\/imedepold.ee\\\/#website\"},\"datePublished\":\"2020-07-09T11:16:45+00:00\",\"breadcrumb\":{\"@id\":\"https:\\\/\\\/imedepold.ee\\\/ru\\\/kaubamargid\\\/#breadcrumb\"},\"inLanguage\":\"ru-RU\",\"potentialAction\":[{\"@type\":\"ReadAction\",\"target\":[\"https:\\\/\\\/imedepold.ee\\\/ru\\\/kaubamargid\\\/\"]}]},{\"@type\":\"BreadcrumbList\",\"@id\":\"https:\\\/\\\/imedepold.ee\\\/ru\\\/kaubamargid\\\/#breadcrumb\",\"itemListElement\":[{\"@type\":\"ListItem\",\"position\":1,\"name\":\"Home\",\"item\":\"https:\\\/\\\/imedepold.ee\\\/ru\\\/\"},{\"@type\":\"ListItem\",\"position\":2,\"name\":\"Kaubam\u00e4rgid\"}]},{\"@type\":\"WebSite\",\"@id\":\"https:\\\/\\\/imedepold.ee\\\/#website\",\"url\":\"https:\\\/\\\/imedepold.ee\\\/\",\"name\":\"Imedep\u00f5ld\",\"description\":\"\",\"potentialAction\":[{\"@type\":\"SearchAction\",\"target\":{\"@type\":\"EntryPoint\",\"urlTemplate\":\"https:\\\/\\\/imedepold.ee\\\/?s={search_term_string}\"},\"query-input\":{\"@type\":\"PropertyValueSpecification\",\"valueRequired\":true,\"valueName\":\"search_term_string\"}}],\"inLanguage\":\"ru-RU\"}]}<\/script>\n<!-- \/ Yoast SEO plugin. -->","yoast_head_json":{"title":"Kaubam\u00e4rgid - Imedep\u00f5ld","robots":{"index":"index","follow":"follow","max-snippet":"max-snippet:-1","max-image-preview":"max-image-preview:large","max-video-preview":"max-video-preview:-1"},"canonical":"https:\/\/imedepold.ee\/ru\/kaubamargid\/","og_locale":"ru_RU","og_type":"article","og_title":"Kaubam\u00e4rgid - Imedep\u00f5ld","og_url":"https:\/\/imedepold.ee\/ru\/kaubamargid\/","og_site_name":"Imedep\u00f5ld","twitter_card":"summary_large_image","schema":{"@context":"https:\/\/schema.org","@graph":[{"@type":"WebPage","@id":"https:\/\/imedepold.ee\/ru\/kaubamargid\/","url":"https:\/\/imedepold.ee\/ru\/kaubamargid\/","name":"Kaubam\u00e4rgid - Imedep\u00f5ld","isPartOf":{"@id":"https:\/\/imedepold.ee\/#website"},"datePublished":"2020-07-09T11:16:45+00:00","breadcrumb":{"@id":"https:\/\/imedepold.ee\/ru\/kaubamargid\/#breadcrumb"},"inLanguage":"ru-RU","potentialAction":[{"@type":"ReadAction","target":["https:\/\/imedepold.ee\/ru\/kaubamargid\/"]}]},{"@type":"BreadcrumbList","@id":"https:\/\/imedepold.ee\/ru\/kaubamargid\/#breadcrumb","itemListElement":[{"@type":"ListItem","position":1,"name":"Home","item":"https:\/\/imedepold.ee\/ru\/"},{"@type":"ListItem","position":2,"name":"Kaubam\u00e4rgid"}]},{"@type":"WebSite","@id":"https:\/\/imedepold.ee\/#website","url":"https:\/\/imedepold.ee\/","name":"Imedep\u00f5ld","description":"","potentialAction":[{"@type":"SearchAction","target":{"@type":"EntryPoint","urlTemplate":"https:\/\/imedepold.ee\/?s={search_term_string}"},"query-input":{"@type":"PropertyValueSpecification","valueRequired":true,"valueName":"search_term_string"}}],"inLanguage":"ru-RU"}]}},"_links":{"self":[{"href":"https:\/\/imedepold.ee\/ru\/wp-json\/wp\/v2\/pages\/2238","targetHints":{"allow":["GET"]}}],"collection":[{"href":"https:\/\/imedepold.ee\/ru\/wp-json\/wp\/v2\/pages"}],"about":[{"href":"https:\/\/imedepold.ee\/ru\/wp-json\/wp\/v2\/types\/page"}],"author":[{"embeddable":true,"href":"https:\/\/imedepold.ee\/ru\/wp-json\/wp\/v2\/users\/1"}],"replies":[{"embeddable":true,"href":"https:\/\/imedepold.ee\/ru\/wp-json\/wp\/v2\/comments?post=2238"}],"version-history":[{"count":0,"href":"https:\/\/imedepold.ee\/ru\/wp-json\/wp\/v2\/pages\/2238\/revisions"}],"wp:attachment":[{"href":"https:\/\/imedepold.ee\/ru\/wp-json\/wp\/v2\/media?parent=2238"}],"curies":[{"name":"wp","href":"https:\/\/api.w.org\/{rel}","templated":true}]}}