{"id":2246,"date":"2020-07-08T15:24:43","date_gmt":"2020-07-08T12:24:43","guid":{"rendered":"https:\/\/imedepold.ee\/kontakt\/"},"modified":"2022-02-28T10:59:51","modified_gmt":"2022-02-28T08:59:51","slug":"kontakt","status":"publish","type":"page","link":"https:\/\/imedepold.ee\/ru\/kontakt\/","title":{"rendered":"\u041a\u043e\u043d\u0442\u0430\u043a\u0442\u044b"},"content":{"rendered":"<div id=\"acf-block-block_5f05bc2ac2389\" class=\"acf-block-element block-builder\">\r\n<div class=\"b-item position-relative type-default\"><div class=\"container\"><div class=\"b-component b-icon-columns\"><div class=\"row row-grid justify-content-center\"><div class=\"col-12 col-md-6 col-lg-3\"><div class=\"ic-item position-relative text-center\"><div class=\"ic-icon\"><img decoding=\"async\" src=\"https:\/\/imedepold.ee\/wp-content\/uploads\/2020\/07\/icon-address.svg\" alt=\"\" \/><\/div><div class=\"ic-content position-relative\"><p class=\"font-weight-semibold\">Inseneri Auto O\u00dc, M\u00f5isa tee 17, \u00c4\u00e4sm\u00e4e, Saue vald, Harjumaa, 76402. Estonia<\/p><\/div><\/div><\/div><div class=\"col-12 col-md-6 col-lg-3\"><div class=\"ic-item position-relative text-center\"><div class=\"ic-icon\"><img decoding=\"async\" src=\"https:\/\/imedepold.ee\/wp-content\/uploads\/2020\/07\/icon-phone.svg\" alt=\"\" \/><\/div><div class=\"ic-content position-relative\"><p class=\"font-weight-semibold\"><a href=\"tel:+37256063006\">(+372) 56063006<\/a> <br>(\u041f\u043d-\u043f\u0442 9: 00-18: 00) <a href=\"mailto:info@imedepold.ee\">info@imedepold.ee<\/a><\/p><\/div><\/div><\/div><div class=\"col-12 col-md-6 col-lg-3\"><div class=\"ic-item position-relative text-center\"><div class=\"ic-icon\"><img decoding=\"async\" src=\"https:\/\/imedepold.ee\/wp-content\/uploads\/2020\/07\/icon-mail.svg\" alt=\"\" \/><\/div><div class=\"ic-content position-relative\"><p class=\"font-weight-semibold\">LHV Pank AS SWIFT LHVBEE22 IBAN EE487700771001898948<\/p><\/div><\/div><\/div><\/div><\/div><\/div><\/div><div class=\"b-item position-relative type-default\"><div class=\"container\"><div class=\"b-component b-editor width-default font21\"><div class=\"editor-content\"><p><a href=\"https:\/\/www.google.com\/maps\/place\/Imedep%C3%B5ld\/@59.2404814,24.513841,17z\/data=!3m1!4b1!4m5!3m4!1s0x4692eb95735511e1:0x4ff40f56d0529013!8m2!3d59.2404814!4d24.5160297\" target=\"_blank\" rel=\"noopener\"><img loading=\"lazy\" decoding=\"async\" class=\"alignnone wp-image-728 size-full\" src=\"https:\/\/imedepold.ee\/wp-content\/uploads\/2020\/07\/imedepold-map.png\" alt=\"Imedep\u00f5ld kaart\" width=\"1280\" height=\"460\" \/><\/a><\/p>\n<\/div><\/div><\/div><\/div><\/div>","protected":false},"excerpt":{"rendered":"","protected":false},"author":1,"featured_media":0,"parent":0,"menu_order":100,"comment_status":"closed","ping_status":"closed","template":"","meta":{"_acf_changed":false,"inline_featured_image":false,"footnotes":""},"class_list":["post-2246","page","type-page","status-publish","hentry"],"acf":[],"yoast_head":"<!-- This site is optimized with the Yoast SEO plugin v27.2 - https:\/\/yoast.com\/product\/yoast-seo-wordpress\/ -->\n<title>\u041a\u043e\u043d\u0442\u0430\u043a\u0442\u044b - Imedep\u00f5ld<\/title>\n<meta name=\"robots\" content=\"index, follow, max-snippet:-1, max-image-preview:large, max-video-preview:-1\" \/>\n<link rel=\"canonical\" href=\"https:\/\/imedepold.ee\/ru\/kontakt\/\" \/>\n<meta property=\"og:locale\" content=\"ru_RU\" \/>\n<meta property=\"og:type\" content=\"article\" \/>\n<meta property=\"og:title\" content=\"\u041a\u043e\u043d\u0442\u0430\u043a\u0442\u044b - Imedep\u00f5ld\" \/>\n<meta property=\"og:url\" content=\"https:\/\/imedepold.ee\/ru\/kontakt\/\" \/>\n<meta property=\"og:site_name\" content=\"Imedep\u00f5ld\" \/>\n<meta property=\"article:modified_time\" content=\"2022-02-28T08:59:51+00:00\" \/>\n<meta name=\"twitter:card\" content=\"summary_large_image\" \/>\n<script type=\"application\/ld+json\" class=\"yoast-schema-graph\">{\"@context\":\"https:\/\/schema.org\",\"@graph\":[{\"@type\":\"WebPage\",\"@id\":\"https:\/\/imedepold.ee\/ru\/kontakt\/\",\"url\":\"https:\/\/imedepold.ee\/ru\/kontakt\/\",\"name\":\"\u041a\u043e\u043d\u0442\u0430\u043a\u0442\u044b - Imedep\u00f5ld\",\"isPartOf\":{\"@id\":\"https:\/\/imedepold.ee\/#website\"},\"datePublished\":\"2020-07-08T12:24:43+00:00\",\"dateModified\":\"2022-02-28T08:59:51+00:00\",\"breadcrumb\":{\"@id\":\"https:\/\/imedepold.ee\/ru\/kontakt\/#breadcrumb\"},\"inLanguage\":\"ru-RU\",\"potentialAction\":[{\"@type\":\"ReadAction\",\"target\":[\"https:\/\/imedepold.ee\/ru\/kontakt\/\"]}]},{\"@type\":\"BreadcrumbList\",\"@id\":\"https:\/\/imedepold.ee\/ru\/kontakt\/#breadcrumb\",\"itemListElement\":[{\"@type\":\"ListItem\",\"position\":1,\"name\":\"Home\",\"item\":\"https:\/\/imedepold.ee\/\"},{\"@type\":\"ListItem\",\"position\":2,\"name\":\"\u041a\u043e\u043d\u0442\u0430\u043a\u0442\u044b\"}]},{\"@type\":\"WebSite\",\"@id\":\"https:\/\/imedepold.ee\/#website\",\"url\":\"https:\/\/imedepold.ee\/\",\"name\":\"Imedep\u00f5ld\",\"description\":\"\",\"potentialAction\":[{\"@type\":\"SearchAction\",\"target\":{\"@type\":\"EntryPoint\",\"urlTemplate\":\"https:\/\/imedepold.ee\/?s={search_term_string}\"},\"query-input\":{\"@type\":\"PropertyValueSpecification\",\"valueRequired\":true,\"valueName\":\"search_term_string\"}}],\"inLanguage\":\"ru-RU\"}]}<\/script>\n<!-- \/ Yoast SEO plugin. -->","yoast_head_json":{"title":"\u041a\u043e\u043d\u0442\u0430\u043a\u0442\u044b - Imedep\u00f5ld","robots":{"index":"index","follow":"follow","max-snippet":"max-snippet:-1","max-image-preview":"max-image-preview:large","max-video-preview":"max-video-preview:-1"},"canonical":"https:\/\/imedepold.ee\/ru\/kontakt\/","og_locale":"ru_RU","og_type":"article","og_title":"\u041a\u043e\u043d\u0442\u0430\u043a\u0442\u044b - Imedep\u00f5ld","og_url":"https:\/\/imedepold.ee\/ru\/kontakt\/","og_site_name":"Imedep\u00f5ld","article_modified_time":"2022-02-28T08:59:51+00:00","twitter_card":"summary_large_image","schema":{"@context":"https:\/\/schema.org","@graph":[{"@type":"WebPage","@id":"https:\/\/imedepold.ee\/ru\/kontakt\/","url":"https:\/\/imedepold.ee\/ru\/kontakt\/","name":"\u041a\u043e\u043d\u0442\u0430\u043a\u0442\u044b - Imedep\u00f5ld","isPartOf":{"@id":"https:\/\/imedepold.ee\/#website"},"datePublished":"2020-07-08T12:24:43+00:00","dateModified":"2022-02-28T08:59:51+00:00","breadcrumb":{"@id":"https:\/\/imedepold.ee\/ru\/kontakt\/#breadcrumb"},"inLanguage":"ru-RU","potentialAction":[{"@type":"ReadAction","target":["https:\/\/imedepold.ee\/ru\/kontakt\/"]}]},{"@type":"BreadcrumbList","@id":"https:\/\/imedepold.ee\/ru\/kontakt\/#breadcrumb","itemListElement":[{"@type":"ListItem","position":1,"name":"Home","item":"https:\/\/imedepold.ee\/"},{"@type":"ListItem","position":2,"name":"\u041a\u043e\u043d\u0442\u0430\u043a\u0442\u044b"}]},{"@type":"WebSite","@id":"https:\/\/imedepold.ee\/#website","url":"https:\/\/imedepold.ee\/","name":"Imedep\u00f5ld","description":"","potentialAction":[{"@type":"SearchAction","target":{"@type":"EntryPoint","urlTemplate":"https:\/\/imedepold.ee\/?s={search_term_string}"},"query-input":{"@type":"PropertyValueSpecification","valueRequired":true,"valueName":"search_term_string"}}],"inLanguage":"ru-RU"}]}},"_links":{"self":[{"href":"https:\/\/imedepold.ee\/ru\/wp-json\/wp\/v2\/pages\/2246","targetHints":{"allow":["GET"]}}],"collection":[{"href":"https:\/\/imedepold.ee\/ru\/wp-json\/wp\/v2\/pages"}],"about":[{"href":"https:\/\/imedepold.ee\/ru\/wp-json\/wp\/v2\/types\/page"}],"author":[{"embeddable":true,"href":"https:\/\/imedepold.ee\/ru\/wp-json\/wp\/v2\/users\/1"}],"replies":[{"embeddable":true,"href":"https:\/\/imedepold.ee\/ru\/wp-json\/wp\/v2\/comments?post=2246"}],"version-history":[{"count":3,"href":"https:\/\/imedepold.ee\/ru\/wp-json\/wp\/v2\/pages\/2246\/revisions"}],"predecessor-version":[{"id":2638,"href":"https:\/\/imedepold.ee\/ru\/wp-json\/wp\/v2\/pages\/2246\/revisions\/2638"}],"wp:attachment":[{"href":"https:\/\/imedepold.ee\/ru\/wp-json\/wp\/v2\/media?parent=2246"}],"curies":[{"name":"wp","href":"https:\/\/api.w.org\/{rel}","templated":true}]}}